{"id":7,"date":"2020-04-19T06:29:22","date_gmt":"2020-04-19T06:29:22","guid":{"rendered":"https:\/\/umeni26.wp1.hostingraja.info\/?page_id=7"},"modified":"2020-04-27T10:47:35","modified_gmt":"2020-04-27T10:47:35","slug":"zdruzenie","status":"publish","type":"page","link":"https:\/\/www.umenieradosti.org\/?page_id=7","title":{"rendered":"Zdru\u017eenie"},"content":{"rendered":"\n<div class=\"wp-block-image\"><figure class=\"alignleft is-resized\"><img loading=\"lazy\" src=\"https:\/\/www.umenieradosti.org\/wp-content\/uploads\/2020\/04\/Wall-2-1024x576.png\" alt=\"\" class=\"wp-image-250\" width=\"512\" height=\"288\"\/><\/figure><\/div>\n\n\n\n<p style=\"background-color:#bab86c\" class=\"has-text-color has-background has-very-light-gray-color\"><strong>MISIA<\/strong><br><strong>Umenie Radosti O.Z. (I\u010cO: 53030362) misiou je zlep\u0161i\u0165 fyzick\u00fa, psychologick\u00fa, ekonomick\u00fa, soci\u00e1lnu, environment\u00e1lnu a duchovn\u00fa \u00farove\u0148 bytia prostredn\u00edctvom inov\u00e1cie, podporovan\u00edm zmien a regener\u00e1cie, pou\u017eit\u00edm r\u00f4znych autentick\u00fdch pr\u00edstupov v poradenstve, terapii, tr\u00e9ningu a vo vzdel\u00e1van\u00ed.<\/strong><\/p>\n\n\n\n<p><strong>Z\u00c1MERY  <\/strong> <br>Na\u0161ou ambici\u00f3znou v\u00edziou je kompletn\u00e1 evol\u00facia \u013eudsk\u00e9ho bytia. Ver\u00edme, \u017ee spolu vieme vytvori\u0165 pr\u00edle\u017eitos\u0165 uspie\u0165 na v\u0161etk\u00fdch \u00farovniach:<br><br><br><strong>Fyzick\u00fd Blahobyt<\/strong><br>Fyzick\u00fd blahobyt je zalo\u017een\u00fd na pravidelnej fyzickej aktivite, zdravom stravovan\u00ed a dostatku sp\u00e1nku. V\u010faka tomu vyva\u017eujeme v\u0161etky dimenzie svojho bytia.<br>Na zlep\u0161enie zdravia m\u00e1me k dispoz\u00edcii viacer\u00e9 zdroje. Na\u0161\u00edm cie\u013eom je pon\u00faknu\u0165 v\u00e1m zdrav\u00fd a prirodzen\u00fd \u017eivotn\u00fd \u0161t\u00fdl.<br>Fyzick\u00e9 zdravie je prepojen\u00e9 s ment\u00e1lnym a emocion\u00e1lnym zdrav\u00edm. Aktivity a ka\u017edodenn\u00e9 vo\u013eby, ktor\u00e9 rob\u00edte, ovplyv\u0148uj\u00fa to, ako sa c\u00edtite fyzicky, ment\u00e1lne a emocion\u00e1lne. Starostlivos\u0165 o vlastn\u00e9 telo je d\u00f4le\u017eit\u00fdm prv\u00fdm krokom smerom k ment\u00e1lnemu a emocion\u00e1lnemu zdraviu. Ke\u010f zlep\u0161\u00edme svoje fyzick\u00e9 zdravie, automaticky za\u017e\u00edvame lep\u0161\u00ed ment\u00e1lny a emocion\u00e1lny stav.\u00a0<br>J\u00f3gov\u00e9 as\u00e1ny s\u00fa najucelenej\u0161ie a optim\u00e1lne fyzick\u00e9 pohyby, ktor\u00e9 rozv\u00edjaj\u00fa va\u0161u silu, svaly, a okrem in\u00e9ho tr\u00e9nuj\u00fa v\u00e1\u0161 srdcovo-cievny syst\u00e9m. Na\u0161e j\u00f3gov\u00e9 programy r\u00f4znymi sp\u00f4sobmi podporuj\u00fa fyzick\u00e9 zdravie.<br>Zdrav\u00e1 strava je tie\u017e d\u00f4le\u017eit\u00e1 pre vyv\u00e1\u017een\u00fd \u017eivot. Jes\u0165 zdravo znamen\u00e1 z\u00edska\u0165 dostatok z ka\u017edej v\u00fdznamnej \u017eiviny pre to, aby bunky vo va\u0161om tele mohli spr\u00e1vne vykon\u00e1va\u0165 svoje funkcie. Bez v\u00fd\u017eivn\u00e9ho jedla sa metabolick\u00e9 procesy v\u00fdrazne spoma\u013euj\u00fa a zni\u017euje sa va\u0161e fyzick\u00e9 zdravie. Zdrav\u00e1 strava tie\u017e pom\u00e1ha predch\u00e1dza\u0165 chorob\u00e1m, napr\u00edklad ochoreniam srdca, cukrovke II. typu a rakovine. Pon\u00fakame r\u00f4zne programy, ktor\u00e9 ved\u00fa k celkov\u00e9mu zlep\u0161eniu zdravotn\u00e9ho stavu. <br><br> <strong>Psychologick\u00fd Blahobyt<\/strong><br> Na\u0161e zdru\u017eenie venuje zna\u010dn\u00fa pozornos\u0165 tejto oblasti poskytovan\u00edm efekt\u00edvnej psychologickej pomoci. U\u017e dnes sme akt\u00edvni v rie\u0161en\u00ed \u0161irok\u00e9ho spektra psychologick\u00fdch stavov, napr\u00edklad pri schizofr\u00e9nii a psych\u00f3ze, z\u00e1vislostiach od drog a alkoholu, demencii, strese a depresii, sebapo\u0161kodzovan\u00ed, ako aj javov u det\u00ed &#8211; autizmus apod. Na\u0161e pole p\u00f4sobnosti zah\u0155\u0148a poradenstvo, rady v oblasti pr\u00edrodnej lie\u010dby a rehabilit\u00e1cie, r\u00f4znych terapi\u00ed, vr\u00e1tane arteterapie a zvy\u0161ovania vedomia. Na\u0161ou prioritou je umo\u017eni\u0165 psychick\u00e9 zdravie pomocou kvalitn\u00fdch a spo\u013eahliv\u00fdch slu\u017eieb, zalo\u017een\u00fdch na prirodzen\u00fdch postupoch.<br>\u017div\u00ed n\u00e1s tie\u017e kr\u00e1sna v\u00edzia, predstaven\u00e1 charizmatick\u00fdm byt\u00edm Sacchidanandaprem Acharya Swamin, o vybudovan\u00ed Kult\u00fary Radosti v na\u0161ej spolo\u010dnosti. <br>T\u00fato kult\u00faru m\u00f4\u017eeme dosiahnu\u0165 zv\u00fd\u0161en\u00edm svojho vedomia o \u017eivote. S t\u00fdmto z\u00e1merom obetavo pracujeme, tvor\u00edme a zlep\u0161ujeme na\u0161e slu\u017eby.<br><br><strong>Soci\u00e1lny Blahobyt <\/strong><br>Z\u00e1kladnou \u013eudskou potrebou je milova\u0165 a by\u0165 milovan\u00fd. \u013dudia potrebuj\u00fa niekam patri\u0165 a by\u0165 prepojen\u00ed ako soci\u00e1lne bytosti. To v\u0161ak dnes str\u00e1came, lebo modern\u00fd sp\u00f4sob \u017eivota vedie k izol\u00e1cii a osamelosti. Ale st\u00e1le od seba z\u00e1vis\u00edme a mus\u00edme by\u0165 vz\u00e1jomne previazan\u00ed a schopn\u00ed spo\u013eahn\u00fa\u0165 sa jeden na druh\u00e9ho.<br> Ke\u010f s\u00fa tieto vroden\u00e9 psychologick\u00e9 potreby uspokojen\u00e9, zlep\u0161uje sa na\u0161a osobn\u00e1 motiv\u00e1cia, ment\u00e1lne zdravie a vznik\u00e1 pocit blahobytu. Pom\u00e1ha to tie\u017e zastavi\u0165 n\u00e1silie, ktor\u00e9 vytv\u00e1ra humanit\u00e1rne kr\u00edzy a zna\u010dn\u00fa \u0161kodu na ve\u013ekej \u010dasti popul\u00e1cie.<br> Na\u0161\u00edm cie\u013eom je vytvori\u0165 stav soci\u00e1lneho blahobytu na celom svete. Vytv\u00e1rame \u0161pecifick\u00fd model, kde d\u00f4le\u017eit\u00fa \u00falohu v optim\u00e1lnom stave spolo\u010dnosti m\u00e1 rozv\u00edjanie dom\u00e9ny em\u00f3ci\u00ed, inteligencie, mor\u00e1lky, empatie, slobody, rovnosti a schopnosti prisp\u00f4sobi\u0165 sa. \u013dudia m\u00f4\u017eu koexistova\u0165 v mieri, v soci\u00e1lne stabiln\u00fdch komunit\u00e1ch s pr\u00edle\u017eitos\u0165ami pre napredovanie a rozv\u00edjanie vz\u0165ahov. <br>N\u00e1\u0161 concept soci\u00e1lneho blahobytu zah\u0155\u0148a: soci\u00e1lnu rovnos\u0165, dobr\u00e9 podmienky na b\u00fdvanie, rozvoj a odolnos\u0165 komunity, soci\u00e1lnu podporu, \u013eudsk\u00e9 a ob\u010dianske pr\u00e1va, soci\u00e1lnu zodpovednos\u0165, soci\u00e1lnu spravodlivos\u0165, udr\u017eate\u013enos\u0165 v kult\u00fare, propag\u00e1ciu a podporu rozmanitosti, rovn\u00e9 pr\u00edle\u017eitosti, neust\u00e1ly rast a zlep\u0161enie. <br>Chceme pom\u00f4c\u0165 jednotlivcom a skupin\u00e1m kon\u0161trukt\u00edvne sa zapoji\u0165 do hnutia za kvalitu \u017eivota a vyu\u017ei\u0165 ho ako pr\u00edle\u017eitos\u0165 na dosiahnutie z\u00e1sadnej premeny v spolo\u010dnosti, s Iniciat\u00edvou L\u00e1sky A Mieru V Akcii.<br><br><strong>Environment\u00e1lny Blahobyt<\/strong><br>Na zlep\u0161en\u00ed stavu \u017eivotn\u00e9ho prostredia sa podie\u013eaj\u00fa mnoh\u00e9 organiz\u00e1cie. Na\u0161\u00edm pr\u00edspevkom do tejto snahy je \u013eud\u00ed upovedomi\u0165 o ich prostred\u00ed, aby si osvojili ka\u017edodenn\u00e9 \u010diny, ktor\u00e9 bud\u00fa zlep\u0161ova\u0165 ich vz\u0165ah s prostred\u00edm.<br>Poskytujeme postupy, ktor\u00e9 re\u0161pektuj\u00fa na\u0161e prostredie a minimalizuj\u00fa \u0161kodliv\u00e9 dopady. V s\u00fa\u010dasnosti pracujeme na programoch priate\u013esk\u00fdch k \u017eivotn\u00e9mu prostrediu v oblastiach:<br> 1. \u0161etrenie energie<br> 2. recykl\u00e1cia<br> 3. identifik\u00e1cia a porozumenie \u00falohy pr\u00edrodn\u00fdch zdrojov<br> 4. tvorba pracovn\u00e9ho prostredia a b\u00fdvanie v s\u00falade s pr\u00edrodou<br> 5. dobrovo\u013en\u00edctvo v oblasti \u017eivotn\u00e9ho prostredia <br><em>Ver\u00edme v:<\/em> <strong>Refuse, Reduce, Reuse and Recycle<\/strong><br><br><strong>Ekonomick\u00fd Blahobyt<\/strong><br>Ekonomick\u00fd blahobyt pre n\u00e1s znamen\u00e1 vyv\u00e1\u017een\u00fa ekonomick\u00fa silu v spolo\u010dnosti. Ver\u00edme, \u017ee v tomto materialistickom a konzumnom svete m\u00f4\u017ee ka\u017ed\u00fd z\u00edska\u0165 materi\u00e1lne bohatstvo bez toho, aby sa musel uch\u00fdli\u0165 k falo\u0161n\u00e9mu, ne\u010destn\u00e9mu, de\u0161trukt\u00edvnemu, nemor\u00e1lnemu, \u010di dokonca krimin\u00e1lnemu konaniu. <br>Prajeme si, aby v\u0161etky \u013eudsk\u00e9 bytosti mali zabezpe\u010den\u00e9 svoje z\u00e1kladn\u00e9 \u017eivotn\u00e9 potreby a v poriadku svoje \u017eivobytie. Chceme poskytn\u00fa\u0165 \u013eu\u010fom v pr\u00edpade ekonomickej kr\u00edzy to, \u010do potrebuj\u00fa na pre\u017eitie &#8211; vr\u00e1tane jedla, vody, pr\u00edbytku, z\u00e1kladn\u00fdch potrieb do dom\u00e1cnosti, a tie\u017e vzdelania, ako sa posilni\u0165 po ekonomickej str\u00e1nke. <br>Na\u0161\u00edm ambici\u00f3znym pl\u00e1nom do bud\u00facna je zabezpe\u010di\u0165, aby ka\u017ed\u00fd mohol dosiahnu\u0165 sebesta\u010dnos\u0165, zapojen\u00edm sa do bezpe\u010dnej a primeranej pr\u00e1ce s \u00faplnou spokojnos\u0165ou a bez utrpenia ekonomick\u00e9ho nedostatku. <br><br><strong>Duchovn\u00fd Blahobyt<\/strong><br>Pre ka\u017ed\u00e9ho je d\u00f4le\u017eit\u00e9 objavovanie cesty k sebauvedomeniu a h\u013eadanie v\u00fdznamu \u013eudskej existencie, ktor\u00e9 vedie k stavu vn\u00fatorn\u00e9ho osvietenia. <br>Jeho Sv\u00e4tos\u0165 Sacchidanandaprem Acharya Swamin n\u00e1s vedie svojou bo\u017eskou pr\u00edtomnos\u0165ou a d\u00e1va n\u00e1m pr\u00edle\u017eitos\u0165 objavova\u0165 r\u00f4zne dimenzie vn\u00fatorn\u00e9ho a vonkaj\u0161ieho \u017eivota cez vedom\u00e9 z\u00e1\u017eitkov\u00e9 met\u00f3dy. <a rel=\"noreferrer noopener\" aria-label=\"Tu n\u00e1jdete s\u00favisiace programy a udalosti.  (otvor\u00ed sa v novej karte)\" href=\"http:\/\/www.sacchidanandaprem.org\/\" target=\"_blank\">Tu n\u00e1jdete s\u00favisiace programy a udalosti. <\/a><br> <br><\/p>\n","protected":false},"excerpt":{"rendered":"<p>MISIAUmenie Radosti O.Z. (I\u010cO: 53030362) misiou je zlep\u0161i\u0165 fyzick\u00fa, psychologick\u00fa, ekonomick\u00fa, soci\u00e1lnu, environment\u00e1lnu a duchovn\u00fa \u00farove\u0148 bytia prostredn\u00edctvom inov\u00e1cie, podporovan\u00edm zmien a regener\u00e1cie, pou\u017eit\u00edm r\u00f4znych autentick\u00fdch pr\u00edstupov v poradenstve, terapii, tr\u00e9ningu a vo vzdel\u00e1van\u00ed. Z\u00c1MERY Na\u0161ou ambici\u00f3znou v\u00edziou je kompletn\u00e1 evol\u00facia \u013eudsk\u00e9ho bytia. Ver\u00edme, \u017ee spolu vieme vytvori\u0165 pr\u00edle\u017eitos\u0165 uspie\u0165&#8230;<\/p>\n","protected":false},"author":1,"featured_media":0,"parent":0,"menu_order":0,"comment_status":"closed","ping_status":"closed","template":"","meta":[],"_links":{"self":[{"href":"https:\/\/www.umenieradosti.org\/index.php?rest_route=\/wp\/v2\/pages\/7"}],"collection":[{"href":"https:\/\/www.umenieradosti.org\/index.php?rest_route=\/wp\/v2\/pages"}],"about":[{"href":"https:\/\/www.umenieradosti.org\/index.php?rest_route=\/wp\/v2\/types\/page"}],"author":[{"embeddable":true,"href":"https:\/\/www.umenieradosti.org\/index.php?rest_route=\/wp\/v2\/users\/1"}],"replies":[{"embeddable":true,"href":"https:\/\/www.umenieradosti.org\/index.php?rest_route=%2Fwp%2Fv2%2Fcomments&post=7"}],"version-history":[{"count":5,"href":"https:\/\/www.umenieradosti.org\/index.php?rest_route=\/wp\/v2\/pages\/7\/revisions"}],"predecessor-version":[{"id":264,"href":"https:\/\/www.umenieradosti.org\/index.php?rest_route=\/wp\/v2\/pages\/7\/revisions\/264"}],"wp:attachment":[{"href":"https:\/\/www.umenieradosti.org\/index.php?rest_route=%2Fwp%2Fv2%2Fmedia&parent=7"}],"curies":[{"name":"wp","href":"https:\/\/api.w.org\/{rel}","templated":true}]}}