{"id":47,"date":"2020-04-19T09:43:11","date_gmt":"2020-04-19T09:43:11","guid":{"rendered":"https:\/\/umeni26.wp1.hostingraja.info\/?page_id=47"},"modified":"2020-05-30T11:37:14","modified_gmt":"2020-05-30T11:37:14","slug":"tim","status":"publish","type":"page","link":"https:\/\/www.umenieradosti.org\/?page_id=47","title":{"rendered":"N\u00e1\u0161 t\u00edm"},"content":{"rendered":"\n<div class=\"wp-block-image\"><figure class=\"alignleft is-resized\"><img loading=\"lazy\" src=\"https:\/\/www.umenieradosti.org\/wp-content\/uploads\/2020\/04\/75643600_2851474324872535_1840115236879728640_o-150x150.jpg\" alt=\"\" class=\"wp-image-285\" width=\"149\" height=\"149\"\/><\/figure><\/div>\n\n\n\n<p style=\"text-align:left\">Kontaktn\u00fa osobu a prezidentku zdru\u017eenia <strong>Zuzanu Bartovi\u010dov\u00fa<\/strong> (Dobromilu): <a href=\"https:\/\/www.facebook.com\/zuskadobromila.bartovicova\/\">https:\/\/www.facebook.com\/zuskadobromila.bartovicova\/<\/a><br>&#8222;P\u00f4sob\u00edm ako otvoren\u00fd zdroj, cez ktor\u00fd prich\u00e1dzaj\u00fa r\u00f4zne inform\u00e1cie, \u010diny a bytosti, ktor\u00e9 chc\u00fa by\u0165 tomuto svetu pre rados\u0165, \u010di nejak inak u\u017eito\u010dn\u00e9.<br>Venujem sa zdrav\u00e9mu \u017eivotn\u00e9mu \u0161t\u00fdlu, ktor\u00fd sa uber\u00e1 cestou objavovania \u017eivota. \u0160tudujem V\u00e9dy a Psychiku \u010dloveka. U\u010d\u00edm sa a u\u010d\u00edm techniky, ktor\u00e9 zvy\u0161uj\u00fa kvalitu n\u00e1\u0161ho \u017eivota v tom najjednoduh\u0161om pon\u00edman\u00ed. \u010ci je to roz\u0161irovanie vedomia cez j\u00f3gu, pohyb, uchopenie mysle, zdrav\u00fa stravu, ajurv\u00e9du, vegetari\u00e1nsku kuchy\u0148u, psychosomatiku, \u010di \u010dajovanie. Organizujem predn\u00e1\u0161ky a kurzy spojen\u00e9 s touto tematikou. Celkovo motivujem \u013eud\u00ed v ka\u017edom kroku svojho \u017eivota skvalit\u0148ova\u0165 vn\u00edmanie seba a sveta smerom k vlastnej spokojnosti.&#8220;  \u2014&nbsp;  <strong>Dobromila<\/strong><\/p>\n\n\n\n<p><br><strong><br><\/strong><em><strong>Vymenovanie cel\u00e9ho t\u00edmu prebehne a bude zverejnen\u00e9 po spomalen\u00ed v\u00edrusovej pand\u00e9mie.<\/strong><\/em><\/p>\n","protected":false},"excerpt":{"rendered":"<p>Kontaktn\u00fa osobu a prezidentku zdru\u017eenia Zuzanu Bartovi\u010dov\u00fa (Dobromilu): https:\/\/www.facebook.com\/zuskadobromila.bartovicova\/&#8222;P\u00f4sob\u00edm ako otvoren\u00fd zdroj, cez ktor\u00fd prich\u00e1dzaj\u00fa r\u00f4zne inform\u00e1cie, \u010diny a bytosti, ktor\u00e9 chc\u00fa by\u0165 tomuto svetu pre rados\u0165, \u010di nejak inak u\u017eito\u010dn\u00e9.Venujem sa zdrav\u00e9mu \u017eivotn\u00e9mu \u0161t\u00fdlu, ktor\u00fd sa uber\u00e1 cestou objavovania \u017eivota. \u0160tudujem V\u00e9dy a Psychiku \u010dloveka. U\u010d\u00edm sa a u\u010d\u00edm&#8230;<\/p>\n","protected":false},"author":1,"featured_media":0,"parent":0,"menu_order":0,"comment_status":"closed","ping_status":"closed","template":"","meta":[],"_links":{"self":[{"href":"https:\/\/www.umenieradosti.org\/index.php?rest_route=\/wp\/v2\/pages\/47"}],"collection":[{"href":"https:\/\/www.umenieradosti.org\/index.php?rest_route=\/wp\/v2\/pages"}],"about":[{"href":"https:\/\/www.umenieradosti.org\/index.php?rest_route=\/wp\/v2\/types\/page"}],"author":[{"embeddable":true,"href":"https:\/\/www.umenieradosti.org\/index.php?rest_route=\/wp\/v2\/users\/1"}],"replies":[{"embeddable":true,"href":"https:\/\/www.umenieradosti.org\/index.php?rest_route=%2Fwp%2Fv2%2Fcomments&post=47"}],"version-history":[{"count":5,"href":"https:\/\/www.umenieradosti.org\/index.php?rest_route=\/wp\/v2\/pages\/47\/revisions"}],"predecessor-version":[{"id":344,"href":"https:\/\/www.umenieradosti.org\/index.php?rest_route=\/wp\/v2\/pages\/47\/revisions\/344"}],"wp:attachment":[{"href":"https:\/\/www.umenieradosti.org\/index.php?rest_route=%2Fwp%2Fv2%2Fmedia&parent=47"}],"curies":[{"name":"wp","href":"https:\/\/api.w.org\/{rel}","templated":true}]}}