{"id":272,"date":"2020-04-27T12:28:24","date_gmt":"2020-04-27T12:28:24","guid":{"rendered":"https:\/\/www.umenieradosti.org\/?page_id=272"},"modified":"2020-04-28T06:12:28","modified_gmt":"2020-04-28T06:12:28","slug":"potrebujete-pomoct-2","status":"publish","type":"page","link":"https:\/\/www.umenieradosti.org\/?page_id=272","title":{"rendered":"Potrebujete Pom\u00f4c\u0165?"},"content":{"rendered":"\n<div class=\"wp-block-image\"><figure class=\"alignleft\"><img loading=\"lazy\" width=\"300\" height=\"169\" src=\"https:\/\/www.umenieradosti.org\/wp-content\/uploads\/2020\/04\/Help-300x169.png\" alt=\"\" class=\"wp-image-303\" srcset=\"https:\/\/www.umenieradosti.org\/wp-content\/uploads\/2020\/04\/Help-300x169.png 300w, https:\/\/www.umenieradosti.org\/wp-content\/uploads\/2020\/04\/Help-768x432.png 768w, https:\/\/www.umenieradosti.org\/wp-content\/uploads\/2020\/04\/Help-1024x576.png 1024w, https:\/\/www.umenieradosti.org\/wp-content\/uploads\/2020\/04\/Help-142x80.png 142w, https:\/\/www.umenieradosti.org\/wp-content\/uploads\/2020\/04\/Help.png 1920w\" sizes=\"(max-width: 300px) 100vw, 300px\" \/><\/figure><\/div>\n\n\n\n<p><strong>Ak potrebujete pomoc v oblasti fyzickej, psychologickej, soci\u00e1lnej, \u010di spiritu\u00e1lnej, nap\u00ed\u0161te n\u00e1m bez v\u00e1hania. Pom\u00f4\u017eeme v\u00e1m alebo zariadime pr\u00edstup k pomoci.<\/strong><\/p>\n\n\n\n<p style=\"text-align:center\"><em>email: info@umenieradosti.org   alebo WhatsApp (pre r\u00fdchlu reakciu)<\/em><\/p>\n","protected":false},"excerpt":{"rendered":"<p>Ak potrebujete pomoc v oblasti fyzickej, psychologickej, soci\u00e1lnej, \u010di spiritu\u00e1lnej, nap\u00ed\u0161te n\u00e1m bez v\u00e1hania. Pom\u00f4\u017eeme v\u00e1m alebo zariadime pr\u00edstup k pomoci. email: info@umenieradosti.org alebo WhatsApp (pre r\u00fdchlu reakciu)<\/p>\n","protected":false},"author":1,"featured_media":0,"parent":0,"menu_order":0,"comment_status":"closed","ping_status":"closed","template":"","meta":[],"_links":{"self":[{"href":"https:\/\/www.umenieradosti.org\/index.php?rest_route=\/wp\/v2\/pages\/272"}],"collection":[{"href":"https:\/\/www.umenieradosti.org\/index.php?rest_route=\/wp\/v2\/pages"}],"about":[{"href":"https:\/\/www.umenieradosti.org\/index.php?rest_route=\/wp\/v2\/types\/page"}],"author":[{"embeddable":true,"href":"https:\/\/www.umenieradosti.org\/index.php?rest_route=\/wp\/v2\/users\/1"}],"replies":[{"embeddable":true,"href":"https:\/\/www.umenieradosti.org\/index.php?rest_route=%2Fwp%2Fv2%2Fcomments&post=272"}],"version-history":[{"count":3,"href":"https:\/\/www.umenieradosti.org\/index.php?rest_route=\/wp\/v2\/pages\/272\/revisions"}],"predecessor-version":[{"id":305,"href":"https:\/\/www.umenieradosti.org\/index.php?rest_route=\/wp\/v2\/pages\/272\/revisions\/305"}],"wp:attachment":[{"href":"https:\/\/www.umenieradosti.org\/index.php?rest_route=%2Fwp%2Fv2%2Fmedia&parent=272"}],"curies":[{"name":"wp","href":"https:\/\/api.w.org\/{rel}","templated":true}]}}