{"id":190,"date":"2020-04-25T14:42:06","date_gmt":"2020-04-25T14:42:06","guid":{"rendered":"https:\/\/www.umenieradosti.org\/?page_id=190"},"modified":"2020-05-25T17:57:15","modified_gmt":"2020-05-25T17:57:15","slug":"%e2%99%a5","status":"publish","type":"page","link":"https:\/\/www.umenieradosti.org\/?page_id=190","title":{"rendered":"Donate \u2764"},"content":{"rendered":"\n<p><\/p>\n\n\n\n<div class=\"wp-block-image\"><figure class=\"alignleft\"><img loading=\"lazy\" width=\"300\" height=\"169\" src=\"https:\/\/www.umenieradosti.org\/wp-content\/uploads\/2020\/05\/Donate-300x169.png\" alt=\"\" class=\"wp-image-328\" srcset=\"https:\/\/www.umenieradosti.org\/wp-content\/uploads\/2020\/05\/Donate-300x169.png 300w, https:\/\/www.umenieradosti.org\/wp-content\/uploads\/2020\/05\/Donate-768x432.png 768w, https:\/\/www.umenieradosti.org\/wp-content\/uploads\/2020\/05\/Donate-1024x576.png 1024w, https:\/\/www.umenieradosti.org\/wp-content\/uploads\/2020\/05\/Donate-142x80.png 142w, https:\/\/www.umenieradosti.org\/wp-content\/uploads\/2020\/05\/Donate.png 1920w\" sizes=\"(max-width: 300px) 100vw, 300px\" \/><\/figure><\/div>\n\n\n\n<p style=\"background-color:#bab86c\" class=\"has-text-color has-background has-very-light-gray-color\"> <strong>ZA DAR A PLATBU \u010cLENSK\u00c9HO POPLATKU<\/strong> <br><br>N\u00e1zov \u00fa\u010dtu: <strong>Umenie Radosti <\/strong><br>IBAN:\u00a0<strong>SK09 1100 0000 0029 4908 5134<\/strong><br>BIC:  <strong>TATRSKBX<\/strong> <br>Banka: <strong>Tatra banka<\/strong>\u00a0 <br><br>Kontaktn\u00e1 osoba:  <strong>Zuzana Bartovi\u010dova<\/strong>\u00a0(Dobromila), tel: 0905 387 137 <br>email:\u00a0dobromila.bartovicova@gmail.com <\/p>\n\n\n\n<p><strong>alebo cez PayPal<\/strong><\/p>\n\n\n\n<form action=\"https:\/\/www.paypal.com\/cgi-bin\/webscr\" method=\"post\" target=\"_top\">\n<input type=\"hidden\" name=\"cmd\" value=\"_s-xclick\">\n<input type=\"hidden\" name=\"hosted_button_id\" value=\"FSZU5QGR3VKV6\">\n<input type=\"image\" src=\"https:\/\/www.paypalobjects.com\/en_US\/i\/btn\/btn_donateCC_LG.gif\" border=\"0\" name=\"submit\" title=\"PayPal - The safer, easier way to pay online!\" alt=\"Donate with PayPal button\">\n<img loading=\"lazy\" alt=\"\" border=\"0\" src=\"https:\/\/www.paypal.com\/en_SK\/i\/scr\/pixel.gif\" width=\"1\" height=\"1\">\n<\/form>\n","protected":false},"excerpt":{"rendered":"<p>ZA DAR A PLATBU \u010cLENSK\u00c9HO POPLATKU N\u00e1zov \u00fa\u010dtu: Umenie Radosti IBAN:\u00a0SK09 1100 0000 0029 4908 5134BIC: TATRSKBX Banka: Tatra banka\u00a0 Kontaktn\u00e1 osoba: Zuzana Bartovi\u010dova\u00a0(Dobromila), tel: 0905 387 137 email:\u00a0dobromila.bartovicova@gmail.com alebo cez PayPal<\/p>\n","protected":false},"author":1,"featured_media":0,"parent":0,"menu_order":0,"comment_status":"closed","ping_status":"closed","template":"","meta":[],"_links":{"self":[{"href":"https:\/\/www.umenieradosti.org\/index.php?rest_route=\/wp\/v2\/pages\/190"}],"collection":[{"href":"https:\/\/www.umenieradosti.org\/index.php?rest_route=\/wp\/v2\/pages"}],"about":[{"href":"https:\/\/www.umenieradosti.org\/index.php?rest_route=\/wp\/v2\/types\/page"}],"author":[{"embeddable":true,"href":"https:\/\/www.umenieradosti.org\/index.php?rest_route=\/wp\/v2\/users\/1"}],"replies":[{"embeddable":true,"href":"https:\/\/www.umenieradosti.org\/index.php?rest_route=%2Fwp%2Fv2%2Fcomments&post=190"}],"version-history":[{"count":4,"href":"https:\/\/www.umenieradosti.org\/index.php?rest_route=\/wp\/v2\/pages\/190\/revisions"}],"predecessor-version":[{"id":343,"href":"https:\/\/www.umenieradosti.org\/index.php?rest_route=\/wp\/v2\/pages\/190\/revisions\/343"}],"wp:attachment":[{"href":"https:\/\/www.umenieradosti.org\/index.php?rest_route=%2Fwp%2Fv2%2Fmedia&parent=190"}],"curies":[{"name":"wp","href":"https:\/\/api.w.org\/{rel}","templated":true}]}}