{"id":13,"date":"2020-04-19T06:32:58","date_gmt":"2020-04-19T06:32:58","guid":{"rendered":"https:\/\/umeni26.wp1.hostingraja.info\/?page_id=13"},"modified":"2021-11-28T09:00:24","modified_gmt":"2021-11-28T09:00:24","slug":"zapojte-sa","status":"publish","type":"page","link":"https:\/\/www.umenieradosti.org\/?page_id=13","title":{"rendered":"Zapojte sa"},"content":{"rendered":"\n<div class=\"wp-block-image\"><figure class=\"alignleft is-resized\"><img loading=\"lazy\" src=\"https:\/\/www.umenieradosti.org\/wp-content\/uploads\/2020\/04\/Member-2-1024x576.png\" alt=\"\" class=\"wp-image-262\" width=\"512\" height=\"288\" srcset=\"https:\/\/www.umenieradosti.org\/wp-content\/uploads\/2020\/04\/Member-2-1024x576.png 1024w, https:\/\/www.umenieradosti.org\/wp-content\/uploads\/2020\/04\/Member-2-300x169.png 300w, https:\/\/www.umenieradosti.org\/wp-content\/uploads\/2020\/04\/Member-2-768x432.png 768w, https:\/\/www.umenieradosti.org\/wp-content\/uploads\/2020\/04\/Member-2-142x80.png 142w, https:\/\/www.umenieradosti.org\/wp-content\/uploads\/2020\/04\/Member-2.png 1920w\" sizes=\"(max-width: 512px) 100vw, 512px\" \/><\/figure><\/div>\n\n\n\n<p class=\"has-very-light-gray-color has-text-color has-background\" style=\"background-color:#bab86c\"><strong>STA\u0147TE SA \u010cLENMI<\/strong><br><strong>\u010clenmi n\u00e1\u0161ho zdru\u017eenia sa m\u00f4\u017eete sta\u0165, aby ste pomohli \u013eudstvu v \u0161iestich oblastiach: fyzicky, psychologicky, soci\u00e1lne, ekonomicky, ekologicky a duchovne.<\/strong><\/p>\n\n\n\n<p class=\"has-very-dark-gray-color has-text-color\"><strong>Ako \u010dlen zdru\u017eenia z\u00edskavate tieto privil\u00e9gi\u00e1, v\u00fdhody a slu\u017eby:<\/strong><br><br>1. M\u00e1te pr\u00edle\u017eitos\u0165 vyu\u017ei\u0165 svoju kreativitu a n\u00e1pady, aby ste pomohli \u013eu\u010fom na celom svete. Prostredn\u00edctvom integrovania a sp\u00e1jania projektov viacer\u00fdch \u010dlenov zdru\u017eenia sa va\u0161e \u010diny n\u00e1sobia. <br>2. Dostanete pomoc a podporu pre v\u00e1s, va\u0161u rodinu a priate\u013eov v akomko\u013evek aspekte \u017eivota, v\u010faka na\u0161im expertom cez telef\u00f3n alebo email v ktoromko\u013evek \u010dase, v sloven\u010dine alebo angli\u010dtine:<\/p>\n\n\n\n<ul><li>Poradenstvo v j\u00f3ge, medit\u00e1cii, jedle a dom\u00e1cej ajurv\u00e9dskej lie\u010dbe<\/li><li>Psychologick\u00e1 pomoc terapeutick\u00fdmi postupmi z\u00e1padnej a v\u00fdchodnej trad\u00edcie<\/li><li>V\u00e9dick\u00e9 astrologick\u00e9 konzult\u00e1cie<\/li><li>Podpora a duchovn\u00e9 vedenie<\/li><li>Rady pre duchovn\u00e9 pobyty<\/li><li>Konzult\u00e1cie pre p\u00e1ry<\/li><li>Podpora pri v\u00fdchove a vzdel\u00e1van\u00ed det\u00ed<\/li><li>Poradenstvo pri terapii<\/li><\/ul>\n\n\n\n<p>3. Obdr\u017e\u00edte inform\u00e1cie o v\u0161etk\u00fdch na\u0161ich programoch.<br>4. Z\u00edskate \u010dlensk\u00fa kartu, ktor\u00e1 v\u00e1m d\u00e1va n\u00e1rok na 15% z\u013eavu na jednu z na\u0161ich udalost\u00ed v r\u00e1mci Eur\u00f3py.<br>5. Dostanete v\u00fdro\u010dn\u00fd magaz\u00edn n\u00e1\u0161ho zdru\u017eenia o zdravom \u017eivotnom \u0161t\u00fdle.<\/p>\n\n\n\n<p>Podmienky: <br>Registra\u010dn\u00fd poplatok:  \u20ac 10. Ro\u010dn\u00fd \u010dlensk\u00fd pr\u00edspevok:  \u20ac 24.<br><a href=\"https:\/\/www.umenieradosti.org\/wp-content\/uploads\/2021\/11\/Clena-obcianskeho-zdruzenia.pdf\" target=\"_blank\" rel=\"noreferrer noopener\">Kliknite sem pre registr\u00e1ciu<\/a>   a  <a rel=\"noreferrer noopener\" aria-label=\" sem zaplatenie poplatku (otvor\u00ed sa v novej karte)\" href=\"https:\/\/www.umenieradosti.org\/?page_id=190\" target=\"_blank\"> sem zaplatenie poplatku<\/a>.<\/p>\n\n\n\n<div class=\"wp-block-file\"><a href=\"https:\/\/www.umenieradosti.org\/wp-content\/uploads\/2021\/11\/Clena-obcianskeho-zdruzenia.pdf\">Clena-obcianskeho-zdruzenia<\/a><a href=\"https:\/\/www.umenieradosti.org\/wp-content\/uploads\/2021\/11\/Clena-obcianskeho-zdruzenia.pdf\" class=\"wp-block-file__button\" download>Stiahnu\u0165<\/a><\/div>\n","protected":false},"excerpt":{"rendered":"<p>STA\u0147TE SA \u010cLENMI\u010clenmi n\u00e1\u0161ho zdru\u017eenia sa m\u00f4\u017eete sta\u0165, aby ste pomohli \u013eudstvu v \u0161iestich oblastiach: fyzicky, psychologicky, soci\u00e1lne, ekonomicky, ekologicky a duchovne. Ako \u010dlen zdru\u017eenia z\u00edskavate tieto privil\u00e9gi\u00e1, v\u00fdhody a slu\u017eby: 1. M\u00e1te pr\u00edle\u017eitos\u0165 vyu\u017ei\u0165 svoju kreativitu a n\u00e1pady, aby ste pomohli \u013eu\u010fom na celom svete. Prostredn\u00edctvom integrovania a sp\u00e1jania&#8230;<\/p>\n","protected":false},"author":1,"featured_media":0,"parent":0,"menu_order":0,"comment_status":"closed","ping_status":"closed","template":"","meta":[],"_links":{"self":[{"href":"https:\/\/www.umenieradosti.org\/index.php?rest_route=\/wp\/v2\/pages\/13"}],"collection":[{"href":"https:\/\/www.umenieradosti.org\/index.php?rest_route=\/wp\/v2\/pages"}],"about":[{"href":"https:\/\/www.umenieradosti.org\/index.php?rest_route=\/wp\/v2\/types\/page"}],"author":[{"embeddable":true,"href":"https:\/\/www.umenieradosti.org\/index.php?rest_route=\/wp\/v2\/users\/1"}],"replies":[{"embeddable":true,"href":"https:\/\/www.umenieradosti.org\/index.php?rest_route=%2Fwp%2Fv2%2Fcomments&post=13"}],"version-history":[{"count":7,"href":"https:\/\/www.umenieradosti.org\/index.php?rest_route=\/wp\/v2\/pages\/13\/revisions"}],"predecessor-version":[{"id":353,"href":"https:\/\/www.umenieradosti.org\/index.php?rest_route=\/wp\/v2\/pages\/13\/revisions\/353"}],"wp:attachment":[{"href":"https:\/\/www.umenieradosti.org\/index.php?rest_route=%2Fwp%2Fv2%2Fmedia&parent=13"}],"curies":[{"name":"wp","href":"https:\/\/api.w.org\/{rel}","templated":true}]}}